{"id":18995,"date":"2026-03-19T19:39:28","date_gmt":"2026-03-19T19:39:28","guid":{"rendered":"https:\/\/groupegsm.ca\/?page_id=18995"},"modified":"2026-03-24T03:07:15","modified_gmt":"2026-03-24T03:07:15","slug":"securite","status":"publish","type":"page","link":"https:\/\/groupegsm.ca\/en\/securite\/","title":{"rendered":"Safety and Prevention"},"content":{"rendered":"<div data-elementor-type=\"wp-page\" data-elementor-id=\"18995\" class=\"elementor elementor-18995\">\n\t\t\t\t<div class=\"no-position  elementor-element elementor-element-51e12cf e-flex e-con-boxed e-con e-parent\" data-id=\"51e12cf\" data-element_type=\"container\" data-e-type=\"container\" data-settings=\"{&quot;background_background&quot;:&quot;classic&quot;}\">\n\t\t\t\t\t<div class=\"e-con-inner\">\n\t\t\t\t<div class=\"elementor-element elementor-element-5133576 gsap-move-no elementor-widget elementor-widget-page-title\" data-id=\"5133576\" data-element_type=\"widget\" data-e-type=\"widget\" data-settings=\"{&quot;align&quot;:&quot;center&quot;}\" data-widget_type=\"page-title.default\">\n\t\t\t\t<div class=\"elementor-widget-container\">\n\t\t\t\t\t\t\t\n\t\t<div class=\"hfe-page-title hfe-page-title-wrapper elementor-widget-heading\">\n\t\t\t\n\t\t\t<h1 class=\"elementor-heading-title elementor-size\">\n\t\t\t\tS\u00e9curit\u00e9 et Pr\u00e9vention  \t\t\t<\/h1> \n\n\t\t\t\t\t\t\t\t<\/div>\n\t\t\t\t\t\t<\/div>\n\t\t\t\t<\/div>\n\t\t\t\t<div class=\"elementor-element elementor-element-79890bf gsap-move-no elementor-widget elementor-widget-rs-breadcrumb\" data-id=\"79890bf\" data-element_type=\"widget\" data-e-type=\"widget\" data-widget_type=\"rs-breadcrumb.default\">\n\t\t\t\t<div class=\"elementor-widget-container\">\n\t\t\t\t\t                    <div class=\"breadcrumb-area style2\"> \n                <div class=\"breadcrumbs-inner\"> \n                    <span property=\"itemListElement\" typeof=\"ListItem\"><a property=\"item\" typeof=\"WebPage\" title=\"Go to Groupe GSM.\" href=\"https:\/\/groupegsm.ca\/en\" class=\"home\" ><span property=\"name\">GSM Group<\/span><\/a><meta property=\"position\" content=\"1\"><\/span> &gt; <span property=\"itemListElement\" typeof=\"ListItem\"><a property=\"item\" typeof=\"WebPage\" title=\"Go to ACTUALIT\u00c9S.\" href=\"https:\/\/groupegsm.ca\/en\/actualites\/\" class=\"post-root post post-post\" aria-current=\"page\"><span property=\"name\">NEWS<\/span><\/a><meta property=\"position\" content=\"2\"><\/span>                <\/div>\n            <\/div> \n          \n    \t\t\t\t<\/div>\n\t\t\t\t<\/div>\n\t\t\t\t\t<\/div>\n\t\t\t\t<\/div>\n\t\t<div class=\"no-position  elementor-element elementor-element-1496ef1 services-2-page e-flex e-con-boxed e-con e-parent\" data-id=\"1496ef1\" data-element_type=\"container\" data-e-type=\"container\" data-settings=\"{&quot;background_background&quot;:&quot;classic&quot;}\">\n\t\t\t\t\t<div class=\"e-con-inner\">\n\t\t<div class=\"no-position  elementor-element elementor-element-077cf4b e-con-full e-flex e-con e-child\" data-id=\"077cf4b\" data-element_type=\"container\" data-e-type=\"container\">\n\t\t\t\t<div class=\"elementor-element elementor-element-8a59ff1 gsap-move-no elementor-widget elementor-widget-image-carousel\" data-id=\"8a59ff1\" data-element_type=\"widget\" data-e-type=\"widget\" data-settings=\"{&quot;slides_to_show&quot;:&quot;1&quot;,&quot;navigation&quot;:&quot;none&quot;,&quot;lazyload&quot;:&quot;yes&quot;,&quot;autoplay_speed&quot;:3000,&quot;speed&quot;:200,&quot;autoplay&quot;:&quot;yes&quot;,&quot;infinite&quot;:&quot;yes&quot;,&quot;effect&quot;:&quot;slide&quot;}\" data-widget_type=\"image-carousel.default\">\n\t\t\t\t\t\t\t<div class=\"elementor-image-carousel-wrapper swiper\" role=\"region\" aria-roledescription=\"carousel\" aria-label=\"Carrousel d\u2019images\" dir=\"ltr\">\n\t\t\t<div class=\"elementor-image-carousel swiper-wrapper swiper-image-stretch\" aria-live=\"off\">\n\t\t\t\t\t\t\t\t<div class=\"swiper-slide\" role=\"group\" aria-roledescription=\"slide\" aria-label=\"1 of 3\" data-no-translation-aria-label=\"\"><figure class=\"swiper-slide-inner\"><img class=\"swiper-slide-image swiper-lazy\" data-src=\"https:\/\/groupegsm.ca\/wp-content\/uploads\/2026\/03\/2150368772-666x450.jpg\" alt=\"2150368772\" \/><div class=\"swiper-lazy-preloader\"><\/div><\/figure><\/div><div class=\"swiper-slide\" role=\"group\" aria-roledescription=\"slide\" aria-label=\"2 of 3\" data-no-translation-aria-label=\"\"><figure class=\"swiper-slide-inner\"><img class=\"swiper-slide-image swiper-lazy\" data-src=\"https:\/\/groupegsm.ca\/wp-content\/uploads\/2026\/03\/construction-safety-plan-on-site-666x450.jpg\" alt=\"A construction worker working at height, Construction workers are working on steel roof trusses with Fall arrestor device for worker with hooks for safety body harness on the construction site.\" \/><div class=\"swiper-lazy-preloader\"><\/div><\/figure><\/div><div class=\"swiper-slide\" role=\"group\" aria-roledescription=\"slide\" aria-label=\"3 of 3\" data-no-translation-aria-label=\"\"><figure class=\"swiper-slide-inner\"><img class=\"swiper-slide-image swiper-lazy\" data-src=\"https:\/\/groupegsm.ca\/wp-content\/uploads\/2026\/03\/sigal-666x450.png\" alt=\"sigal\" \/><div class=\"swiper-lazy-preloader\"><\/div><\/figure><\/div>\t\t\t<\/div>\n\t\t\t\t\t\t\t\n\t\t\t\t\t\t\t\t\t<\/div>\n\t\t\t\t\t\t<\/div>\n\t\t\t\t<\/div>\n\t\t<div class=\"no-position  elementor-element elementor-element-f3611af e-con-full e-flex e-con e-child\" data-id=\"f3611af\" data-element_type=\"container\" data-e-type=\"container\">\n\t\t\t\t<div class=\"elementor-element elementor-element-41baf326 gsap-move-no elementor-widget elementor-widget-rs-heading\" data-id=\"41baf326\" data-element_type=\"widget\" data-e-type=\"widget\" data-widget_type=\"rs-heading.default\">\n\t\t\t\t<div class=\"elementor-widget-container\">\n\t\t\t\t\t\n\t\t<div class=\"prelements-heading default  left  animate-\">\n\t\t\t<div class=\"title-inner\">\n\t\t\t\t<h3 class=\"title rs-split-text-disable\">Titre introductif ici<\/h3>\n\t\t\t<\/div>\n\t\t\t\t\t<\/div>\n\t\t\t\t<\/div>\n\t\t\t\t<\/div>\n\t\t\t\t<div class=\"elementor-element elementor-element-5cf846e gsap-move-no elementor-widget elementor-widget-text-editor\" data-id=\"5cf846e\" data-element_type=\"widget\" data-e-type=\"widget\" data-widget_type=\"text-editor.default\">\n\t\t\t\t\t\t\t\t\tSafety on construction sites and effective traffic management are essential to the smooth execution of projects. GSM provides qualified and trained personnel to carry out these duties with professionalism and responsiveness.\t\t\t\t\t\t\t\t<\/div>\n\t\t\t\t<div class=\"elementor-element elementor-element-4f50fcd gsap-move-no elementor-widget elementor-widget-rs-accordions-custom\" data-id=\"4f50fcd\" data-element_type=\"widget\" data-e-type=\"widget\" data-widget_type=\"rs-accordions-custom.default\">\n\t\t\t\t<div class=\"elementor-widget-container\">\n\t\t\t\t\t\n            <div class=\"rs-accordion-area accordion style1\" id=\"rs_accordion_inner_13106\">\n                \n                <div class=\"accordion-item\">\n                    <div class=\"accordion-header\" id=\"heading203891\">\n                        <div class=\"accordion-button collapsed\" data-bs-toggle=\"collapse\" data-bs-target=\"#collapse_203891\" aria-controls=\"collapse_203891\">\n                                                            <span class=\"elementor-accordion-icon elementor-accordion-icon-left\" aria-hidden=\"true\">\n                                                                            <span class=\"elementor-accordion-icon-closed\"><svg class=\"e-font-icon-svg e-fas-angle-down\" viewbox=\"0 0 320 512\" xmlns=\"http:\/\/www.w3.org\/2000\/svg\"><path d=\"M143 352.3L7 216.3c-9.4-9.4-9.4-24.6 0-33.9l22.6-22.6c9.4-9.4 24.6-9.4 33.9 0l96.4 96.4 96.4-96.4c9.4-9.4 24.6-9.4 33.9 0l22.6 22.6c9.4 9.4 9.4 24.6 0 33.9l-136 136c-9.2 9.4-24.4 9.4-33.8 0z\"><\/path><\/svg><\/span>\n                                        <span class=\"elementor-accordion-icon-opened\"><svg class=\"e-font-icon-svg e-fas-chevron-up\" viewbox=\"0 0 448 512\" xmlns=\"http:\/\/www.w3.org\/2000\/svg\"><path d=\"M240.971 130.524l194.343 194.343c9.373 9.373 9.373 24.569 0 33.941l-22.667 22.667c-9.357 9.357-24.522 9.375-33.901.04L224 227.495 69.255 381.516c-9.379 9.335-24.544 9.317-33.901-.04l-22.667-22.667c-9.373-9.373-9.373-24.569 0-33.941L207.03 130.525c9.372-9.373 24.568-9.373 33.941-.001z\"><\/path><\/svg><\/span>\n                                                                    <\/span>\n                                                    \n\n                            \n                                                        <div class=\"tab-title\">Appropriate safety measures<\/div>\n                            \n                            \n                        <\/div>\n                    <\/div>\n\n                                        <div id=\"collapse_203891\" class=\"accordion-collapse collapse\" aria-labelledby=\"heading203891\" data-bs-parent=\"#rs_accordion_inner_13106\">\n                        <div class=\"accordion-body\">\n                                                        <div class=\"content_wrapper\">\n                                <p>Mise en place d\u2019agents qualifi\u00e9s (BSP) et d\u2019une flotte de patrouilles mobiles pour assurer la protection de vos sites au Qu\u00e9bec et \u00e0 travers le Canada.<\/p>                            <\/div>\n                                                    <\/div>\n                    <\/div>\n                                    <\/div>\n                  \n                <div class=\"accordion-item\">\n                    <div class=\"accordion-header\" id=\"heading203892\">\n                        <div class=\"accordion-button collapsed\" data-bs-toggle=\"collapse\" data-bs-target=\"#collapse_203892\" aria-controls=\"collapse_203892\">\n                                                            <span class=\"elementor-accordion-icon elementor-accordion-icon-left\" aria-hidden=\"true\">\n                                                                            <span class=\"elementor-accordion-icon-closed\"><svg class=\"e-font-icon-svg e-fas-angle-down\" viewbox=\"0 0 320 512\" xmlns=\"http:\/\/www.w3.org\/2000\/svg\"><path d=\"M143 352.3L7 216.3c-9.4-9.4-9.4-24.6 0-33.9l22.6-22.6c9.4-9.4 24.6-9.4 33.9 0l96.4 96.4 96.4-96.4c9.4-9.4 24.6-9.4 33.9 0l22.6 22.6c9.4 9.4 9.4 24.6 0 33.9l-136 136c-9.2 9.4-24.4 9.4-33.8 0z\"><\/path><\/svg><\/span>\n                                        <span class=\"elementor-accordion-icon-opened\"><svg class=\"e-font-icon-svg e-fas-chevron-up\" viewbox=\"0 0 448 512\" xmlns=\"http:\/\/www.w3.org\/2000\/svg\"><path d=\"M240.971 130.524l194.343 194.343c9.373 9.373 9.373 24.569 0 33.941l-22.667 22.667c-9.357 9.357-24.522 9.375-33.901.04L224 227.495 69.255 381.516c-9.379 9.335-24.544 9.317-33.901-.04l-22.667-22.667c-9.373-9.373-9.373-24.569 0-33.941L207.03 130.525c9.372-9.373 24.568-9.373 33.941-.001z\"><\/path><\/svg><\/span>\n                                                                    <\/span>\n                                                    \n\n                            \n                                                        <div class=\"tab-title\">Surveillance innovante<\/div>\n                            \n                            \n                        <\/div>\n                    <\/div>\n\n                                        <div id=\"collapse_203892\" class=\"accordion-collapse collapse\" aria-labelledby=\"heading203892\" data-bs-parent=\"#rs_accordion_inner_13106\">\n                        <div class=\"accordion-body\">\n                                                        <div class=\"content_wrapper\">\n                                <p>Use of drones for video surveillance to monitor sensitive areas and improve security in real time.<\/p>                            <\/div>\n                                                    <\/div>\n                    <\/div>\n                                    <\/div>\n                            <\/div>\n            <script>\n                jQuery(document).ready(function($) {\n                    $('#rs_accordion_inner_13106 .accordion-collapse').on('show.bs.collapse', function () {\n                        $(this).closest('.accordion-item').addClass('active');\n                    });\n\n                    $('#rs_accordion_inner_13106 .accordion-collapse').on('hide.bs.collapse', function () {\n                        $(this).closest('.accordion-item').removeClass('active');\n                    });\n                });\n            <\/script>\n        \t\t\t\t<\/div>\n\t\t\t\t<\/div>\n\t\t\t\t<\/div>\n\t\t\t\t\t<\/div>\n\t\t\t\t<\/div>\n\t\t<div class=\"no-position  elementor-element elementor-element-460587c e-flex e-con-boxed e-con e-parent\" data-id=\"460587c\" data-element_type=\"container\" data-e-type=\"container\" data-settings=\"{&quot;background_background&quot;:&quot;classic&quot;}\">\n\t\t\t\t\t<div class=\"e-con-inner\">\n\t\t<div class=\"no-position  elementor-element elementor-element-bbfaee3 e-con-full e-flex e-con e-child\" data-id=\"bbfaee3\" data-element_type=\"container\" data-e-type=\"container\">\n\t\t\t\t<div class=\"elementor-element elementor-element-5cb06de gsap-move-no elementor-widget elementor-widget-image\" data-id=\"5cb06de\" data-element_type=\"widget\" data-e-type=\"widget\" data-widget_type=\"image.default\">\n\t\t\t\t\t\t\t\t\t\t\t\t\t\t\t<img fetchpriority=\"high\" decoding=\"async\" width=\"981\" height=\"448\" src=\"https:\/\/groupegsm.ca\/wp-content\/uploads\/2026\/03\/Logo-GSM-securite.png\" class=\"elementor-animation-grow attachment-full size-full wp-image-18208\" alt=\"\" srcset=\"https:\/\/groupegsm.ca\/wp-content\/uploads\/2026\/03\/Logo-GSM-securite.png 981w, https:\/\/groupegsm.ca\/wp-content\/uploads\/2026\/03\/Logo-GSM-securite-300x137.png 300w, https:\/\/groupegsm.ca\/wp-content\/uploads\/2026\/03\/Logo-GSM-securite-768x351.png 768w\" sizes=\"(max-width: 981px) 100vw, 981px\" \/>\t\t\t\t\t\t\t\t\t\t\t\t\t\t\t<\/div>\n\t\t\t\t<\/div>\n\t\t<div class=\"no-position  elementor-element elementor-element-319b0ef e-con-full e-flex e-con e-child\" data-id=\"319b0ef\" data-element_type=\"container\" data-e-type=\"container\">\n\t\t\t\t<div class=\"elementor-element elementor-element-ad37ce8 gsap-move-no elementor-widget elementor-widget-text-editor\" data-id=\"ad37ce8\" data-element_type=\"widget\" data-e-type=\"widget\" data-widget_type=\"text-editor.default\">\n\t\t\t\t\t\t\t\t\t<p>Nous pla\u00e7ons des agents de s\u00e9curit\u00e9 exp\u00e9riment\u00e9s pour s\u00e9curiser vos chantiers et vos \u00e9tablissements.<\/p>\t\t\t\t\t\t\t\t<\/div>\n\t\t\t\t<div class=\"elementor-element elementor-element-392810e8 gsap-move-no elementor-widget elementor-widget-rs-button\" data-id=\"392810e8\" data-element_type=\"widget\" data-e-type=\"widget\" data-widget_type=\"rs-button.default\">\n\t\t\t\t<div class=\"elementor-widget-container\">\n\t\t\t\t\t\t\t<div class=\"rs-button style1 unique-62433\">\r\n\r\n\t\t\t\r\n\t\t\t\t\t\t\t<a class=\"rs-btn anim-dir-\" href=\"\/en\/contactez-nous\/\" >\t\r\n\t\t\t\t\t<span>CONTACT US TODAY \r\n\t\t\t\t\t\t\t\t\t\t\t<em>\r\n\t\t\t\t\t\t\t<i aria-hidden=\"true\" class=\"ri-arrow-right-line\"><\/i>\t\t\t\t\t\t\t<i aria-hidden=\"true\" class=\"ri-arrow-right-line\"><\/i>\t\t\t\t\t\t<\/em>\t\r\n\t\t\t\t\t\t\t\t\t\t<\/span>\r\n\t\t\t\t<\/a>\r\n\t\t\t\t\t<\/div>\r\n\t\t\t\t\t<\/div>\n\t\t\t\t<\/div>\n\t\t\t\t<\/div>\n\t\t\t\t\t<\/div>\n\t\t\t\t<\/div>\n\t\t\t\t<\/div>","protected":false},"excerpt":{"rendered":"<p>S\u00e9curit\u00e9 et Pr\u00e9vention Groupe GSM &gt; Blog Titre introductif ici La s\u00e9curit\u00e9 sur les chantiers et la bonne gestion de la circulation sont essentielles pour le bon d\u00e9roulement des projets. GSM fournit un personnel qualifi\u00e9 et form\u00e9 pour assurer ces fonctions avec s\u00e9rieux et r\u00e9activit\u00e9. Mesures de s\u00e9curit\u00e9 adapt\u00e9es Mise en place d\u2019agents qualifi\u00e9s (BSP)&#8230;<\/p>","protected":false},"author":1,"featured_media":0,"parent":0,"menu_order":0,"comment_status":"closed","ping_status":"closed","template":"elementor_header_footer","meta":{"footnotes":""},"class_list":["post-18995","page","type-page","status-publish","hentry"],"_links":{"self":[{"href":"https:\/\/groupegsm.ca\/en\/wp-json\/wp\/v2\/pages\/18995","targetHints":{"allow":["GET"]}}],"collection":[{"href":"https:\/\/groupegsm.ca\/en\/wp-json\/wp\/v2\/pages"}],"about":[{"href":"https:\/\/groupegsm.ca\/en\/wp-json\/wp\/v2\/types\/page"}],"author":[{"embeddable":true,"href":"https:\/\/groupegsm.ca\/en\/wp-json\/wp\/v2\/users\/1"}],"replies":[{"embeddable":true,"href":"https:\/\/groupegsm.ca\/en\/wp-json\/wp\/v2\/comments?post=18995"}],"version-history":[{"count":19,"href":"https:\/\/groupegsm.ca\/en\/wp-json\/wp\/v2\/pages\/18995\/revisions"}],"predecessor-version":[{"id":19562,"href":"https:\/\/groupegsm.ca\/en\/wp-json\/wp\/v2\/pages\/18995\/revisions\/19562"}],"wp:attachment":[{"href":"https:\/\/groupegsm.ca\/en\/wp-json\/wp\/v2\/media?parent=18995"}],"curies":[{"name":"wp","href":"https:\/\/api.w.org\/{rel}","templated":true}]}}