{"id":19490,"date":"2026-03-24T02:53:54","date_gmt":"2026-03-24T02:53:54","guid":{"rendered":"https:\/\/groupegsm.ca\/?page_id=19490"},"modified":"2026-05-07T16:54:04","modified_gmt":"2026-05-07T16:54:04","slug":"innovations","status":"publish","type":"page","link":"https:\/\/groupegsm.ca\/en\/innovations\/","title":{"rendered":"Innovations"},"content":{"rendered":"<div data-elementor-type=\"wp-page\" data-elementor-id=\"19490\" class=\"elementor elementor-19490\">\n\t\t\t\t<div class=\"no-position  elementor-element elementor-element-8a8fff7 e-flex e-con-boxed e-con e-parent\" data-id=\"8a8fff7\" data-element_type=\"container\" data-e-type=\"container\" data-settings=\"{&quot;background_background&quot;:&quot;classic&quot;}\">\n\t\t\t\t\t<div class=\"e-con-inner\">\n\t\t\t\t<div class=\"elementor-element elementor-element-dee29e9 gsap-move-no elementor-widget elementor-widget-page-title\" data-id=\"dee29e9\" data-element_type=\"widget\" data-e-type=\"widget\" data-settings=\"{&quot;align&quot;:&quot;center&quot;}\" data-widget_type=\"page-title.default\">\n\t\t\t\t<div class=\"elementor-widget-container\">\n\t\t\t\t\t\t\t\n\t\t<div class=\"hfe-page-title hfe-page-title-wrapper elementor-widget-heading\">\n\t\t\t\n\t\t\t<h1 class=\"elementor-heading-title elementor-size\">\n\t\t\t\tenvironnemental\t\t\t<\/h1> \n\n\t\t\t\t\t\t\t\t<\/div>\n\t\t\t\t\t\t<\/div>\n\t\t\t\t<\/div>\n\t\t\t\t<div class=\"elementor-element elementor-element-6554bc5 gsap-move-no elementor-widget elementor-widget-rs-breadcrumb\" data-id=\"6554bc5\" data-element_type=\"widget\" data-e-type=\"widget\" data-widget_type=\"rs-breadcrumb.default\">\n\t\t\t\t<div class=\"elementor-widget-container\">\n\t\t\t\t\t                    <div class=\"breadcrumb-area style2\"> \n                <div class=\"breadcrumbs-inner\"> \n                    <span property=\"itemListElement\" typeof=\"ListItem\"><a property=\"item\" typeof=\"WebPage\" title=\"Go to Groupe GSM.\" href=\"https:\/\/groupegsm.ca\/en\" class=\"home\" ><span property=\"name\">GSM Group<\/span><\/a><meta property=\"position\" content=\"1\"><\/span> &gt; <span property=\"itemListElement\" typeof=\"ListItem\"><a property=\"item\" typeof=\"WebPage\" title=\"Go to ACTUALIT\u00c9S.\" href=\"https:\/\/groupegsm.ca\/en\/actualites\/\" class=\"post-root post post-post\" aria-current=\"page\"><span property=\"name\">NEWS<\/span><\/a><meta property=\"position\" content=\"2\"><\/span>                <\/div>\n            <\/div> \n          \n    \t\t\t\t<\/div>\n\t\t\t\t<\/div>\n\t\t\t\t\t<\/div>\n\t\t\t\t<\/div>\n\t\t<div class=\"no-position  rs-sticky-default elementor-element elementor-element-2b2d1635 e-flex e-con-boxed e-con e-parent\" data-id=\"2b2d1635\" data-element_type=\"container\" data-e-type=\"container\" data-settings=\"{&quot;background_background&quot;:&quot;classic&quot;}\">\n\t\t\t\t\t<div class=\"e-con-inner\">\n\t\t<div class=\"no-position  rs-sticky-default elementor-element elementor-element-3e2876f7 e-con-full e-flex e-con e-child\" data-id=\"3e2876f7\" data-element_type=\"container\" data-e-type=\"container\">\n\t\t<div class=\"no-position  rs-sticky-default elementor-element elementor-element-17fecc7f e-con-full e-flex e-con e-child\" data-id=\"17fecc7f\" data-element_type=\"container\" data-e-type=\"container\">\n\t\t\t\t<div class=\"elementor-element elementor-element-efa2a26 gsap-move-no elementor-widget elementor-widget-image\" data-id=\"efa2a26\" data-element_type=\"widget\" data-e-type=\"widget\" data-widget_type=\"image.default\">\n\t\t\t\t\t\t\t\t\t\t\t\t\t\t\t<img fetchpriority=\"high\" decoding=\"async\" width=\"435\" height=\"165\" src=\"https:\/\/groupegsm.ca\/wp-content\/uploads\/2026\/03\/Batirium-logo-Concepts-b.png\" class=\"attachment-large size-large wp-image-19324\" alt=\"\" srcset=\"https:\/\/groupegsm.ca\/wp-content\/uploads\/2026\/03\/Batirium-logo-Concepts-b.png 435w, https:\/\/groupegsm.ca\/wp-content\/uploads\/2026\/03\/Batirium-logo-Concepts-b-300x114.png 300w\" sizes=\"(max-width: 435px) 100vw, 435px\" \/>\t\t\t\t\t\t\t\t\t\t\t\t\t\t\t<\/div>\n\t\t\t\t<div class=\"elementor-element elementor-element-6521d289 elementor-absolute gsap-move-no elementor-widget elementor-widget-rs-divider\" data-id=\"6521d289\" data-element_type=\"widget\" data-e-type=\"widget\" data-settings=\"{&quot;_position&quot;:&quot;absolute&quot;}\" data-widget_type=\"rs-divider.default\">\n\t\t\t\t<div class=\"elementor-widget-container\">\n\t\t\t\t\t\n\t\t<div class=\"rs-divider\"> <\/div>\n\n\t\t\t\t\t<\/div>\n\t\t\t\t<\/div>\n\t\t\t\t<\/div>\n\t\t<div class=\"no-position  rs-sticky-default elementor-element elementor-element-7c1166eb e-con-full e-flex e-con e-child\" data-id=\"7c1166eb\" data-element_type=\"container\" data-e-type=\"container\">\n\t\t\t\t<div class=\"elementor-element elementor-element-79e85c58 elementor-widget__width-initial gsap-move-no elementor-widget elementor-widget-rs-heading\" data-id=\"79e85c58\" data-element_type=\"widget\" data-e-type=\"widget\" data-widget_type=\"rs-heading.default\">\n\t\t\t\t<div class=\"elementor-widget-container\">\n\t\t\t\t\t\n\t\t<div class=\"prelements-heading style1  left  animate-\">\n\t\t\t<div class=\"title-inner\">\n\t\t\t\t\n\t\t\t<\/div>\n\t\t\t\t\t\t\t<div class=\"description\">\n\t\t\t\t\t<p>At GSM, innovation is at the heart of our approach. With this in mind, we developed Batirium, an intuitive and comprehensive platform that is transforming the way construction companies and professionals connect, collaborate, and manage their projects in Quebec and across Canada.<\/p>\t\t\t\t<\/div>\n\t\t\t\t\t<\/div>\n\t\t\t\t<\/div>\n\t\t\t\t<\/div>\n\t\t\t\t<\/div>\n\t\t\t\t<\/div>\n\t\t\t\t\t<\/div>\n\t\t\t\t<\/div>\n\t\t<div class=\"no-position  elementor-element elementor-element-1ab3ab35 e-flex e-con-boxed e-con e-parent\" data-id=\"1ab3ab35\" data-element_type=\"container\" data-e-type=\"container\" data-settings=\"{&quot;background_background&quot;:&quot;classic&quot;}\">\n\t\t\t\t\t<div class=\"e-con-inner\">\n\t\t<div class=\"no-position  elementor-element elementor-element-77c5783f e-con-full e-flex e-con e-child\" data-id=\"77c5783f\" data-element_type=\"container\" data-e-type=\"container\">\n\t\t<div class=\"no-position  elementor-element elementor-element-d2dd37f e-con-full e-flex e-con e-child\" data-id=\"d2dd37f\" data-element_type=\"container\" data-e-type=\"container\">\n\t\t\t\t<div class=\"elementor-element elementor-element-78037a73 elementor-widget__width-initial gsap-move-no elementor-widget elementor-widget-rs-heading\" data-id=\"78037a73\" data-element_type=\"widget\" data-e-type=\"widget\" data-widget_type=\"rs-heading.default\">\n\t\t\t\t<div class=\"elementor-widget-container\">\n\t\t\t\t\t\n\t\t<div class=\"prelements-heading style1  left  animate-\">\n\t\t\t<div class=\"title-inner\">\n\t\t\t\t<h3 class=\"title rs-split-text-enable split-in-fade\">Batirium offers several key features designed to optimize workforce management and project tracking: <\/h3>\n\t\t\t<\/div>\n\t\t\t\t\t<\/div>\n\t\t\t\t<\/div>\n\t\t\t\t<\/div>\n\t\t\t\t<div class=\"elementor-element elementor-element-4b83248d gsap-move-no elementor-widget elementor-widget-rs-accordions-custom\" data-id=\"4b83248d\" data-element_type=\"widget\" data-e-type=\"widget\" data-widget_type=\"rs-accordions-custom.default\">\n\t\t\t\t<div class=\"elementor-widget-container\">\n\t\t\t\t\t\n            <div class=\"rs-accordion-area accordion style1\" id=\"rs_accordion_inner_26902\">\n                \n                <div class=\"accordion-item active\">\n                    <div class=\"accordion-header\" id=\"heading318780\">\n                        <div class=\"accordion-button\" data-bs-toggle=\"collapse\" data-bs-target=\"#collapse_318780\" aria-controls=\"collapse_318780\">\n                                                            <span class=\"elementor-accordion-icon elementor-accordion-icon-left\" aria-hidden=\"true\">\n                                                                            <span class=\"elementor-accordion-icon-closed\"><svg xmlns=\"http:\/\/www.w3.org\/2000\/svg\" width=\"18\" height=\"18\" viewbox=\"0 0 18 18\" fill=\"none\"><path opacity=\"0.5\" d=\"M17.2501 8.25003H9.75003V0.74999C9.75003 0.335778 9.41425 0 9.00004 0C8.58582 0 8.25004 0.335778 8.25004 0.74999V8.24999H0.749991C0.335779 8.25003 0 8.58581 0 9.00002C0 9.41423 0.335779 9.75001 0.749991 9.75001H8.25001V17.25C8.25001 17.6642 8.58579 18 9 18C9.41421 18 9.74999 17.6642 9.74999 17.25V9.75001H17.25C17.6642 9.75001 18 9.41423 18 9.00002C18.0001 8.58581 17.6643 8.25003 17.2501 8.25003Z\" fill=\"#555555\"><\/path><\/svg><\/span>\n                                        <span class=\"elementor-accordion-icon-opened\"><svg xmlns=\"http:\/\/www.w3.org\/2000\/svg\" width=\"18\" height=\"17\" viewbox=\"0 0 18 17\" fill=\"none\"><path d=\"M16.778 15.3974L10.2962 8.95316L16.778 2.5089C17.136 2.153 17.136 1.57597 16.778 1.22007C16.42 0.864167 15.8396 0.864167 15.4817 1.22007L8.99984 7.6643L2.51799 1.22003C2.15998 0.864153 1.57959 0.864153 1.22161 1.22006C0.86363 1.57596 0.86363 2.15298 1.22161 2.50889L7.70344 8.95313L1.22162 15.3974C0.863644 15.7533 0.863645 16.3303 1.22162 16.6862C1.5796 17.0421 2.15999 17.0421 2.51797 16.6862L8.99978 10.242L15.4816 16.6862C15.8396 17.0421 16.42 17.0421 16.778 16.6862C17.136 16.3304 17.136 15.7533 16.778 15.3974Z\" fill=\"#0E0E0E\"><\/path><\/svg><\/span>\n                                                                    <\/span>\n                                                    \n\n                            \n                                                        <div class=\"tab-title\">Tracking Skills and Certifications<\/div>\n                            \n                            \n                        <\/div>\n                    <\/div>\n\n                                        <div id=\"collapse_318780\" class=\"accordion-collapse collapse show\" aria-labelledby=\"heading318780\" data-bs-parent=\"#rs_accordion_inner_26902\">\n                        <div class=\"accordion-body\">\n                                                        <div class=\"content_wrapper\">\n                                <p>Each worker has a detailed profile listing their training, certifications, and professional experience, allowing companies to ensure that their workforce is qualified and complies with current safety standards.<\/p>                            <\/div>\n                                                    <\/div>\n                    <\/div>\n                                    <\/div>\n                  \n                <div class=\"accordion-item\">\n                    <div class=\"accordion-header\" id=\"heading318781\">\n                        <div class=\"accordion-button collapsed\" data-bs-toggle=\"collapse\" data-bs-target=\"#collapse_318781\" aria-controls=\"collapse_318781\">\n                                                            <span class=\"elementor-accordion-icon elementor-accordion-icon-left\" aria-hidden=\"true\">\n                                                                            <span class=\"elementor-accordion-icon-closed\"><svg xmlns=\"http:\/\/www.w3.org\/2000\/svg\" width=\"18\" height=\"18\" viewbox=\"0 0 18 18\" fill=\"none\"><path opacity=\"0.5\" d=\"M17.2501 8.25003H9.75003V0.74999C9.75003 0.335778 9.41425 0 9.00004 0C8.58582 0 8.25004 0.335778 8.25004 0.74999V8.24999H0.749991C0.335779 8.25003 0 8.58581 0 9.00002C0 9.41423 0.335779 9.75001 0.749991 9.75001H8.25001V17.25C8.25001 17.6642 8.58579 18 9 18C9.41421 18 9.74999 17.6642 9.74999 17.25V9.75001H17.25C17.6642 9.75001 18 9.41423 18 9.00002C18.0001 8.58581 17.6643 8.25003 17.2501 8.25003Z\" fill=\"#555555\"><\/path><\/svg><\/span>\n                                        <span class=\"elementor-accordion-icon-opened\"><svg xmlns=\"http:\/\/www.w3.org\/2000\/svg\" width=\"18\" height=\"17\" viewbox=\"0 0 18 17\" fill=\"none\"><path d=\"M16.778 15.3974L10.2962 8.95316L16.778 2.5089C17.136 2.153 17.136 1.57597 16.778 1.22007C16.42 0.864167 15.8396 0.864167 15.4817 1.22007L8.99984 7.6643L2.51799 1.22003C2.15998 0.864153 1.57959 0.864153 1.22161 1.22006C0.86363 1.57596 0.86363 2.15298 1.22161 2.50889L7.70344 8.95313L1.22162 15.3974C0.863644 15.7533 0.863645 16.3303 1.22162 16.6862C1.5796 17.0421 2.15999 17.0421 2.51797 16.6862L8.99978 10.242L15.4816 16.6862C15.8396 17.0421 16.42 17.0421 16.778 16.6862C17.136 16.3304 17.136 15.7533 16.778 15.3974Z\" fill=\"#0E0E0E\"><\/path><\/svg><\/span>\n                                                                    <\/span>\n                                                    \n\n                            \n                                                        <div class=\"tab-title\">Compliance among contractors and partners<\/div>\n                            \n                            \n                        <\/div>\n                    <\/div>\n\n                                        <div id=\"collapse_318781\" class=\"accordion-collapse collapse\" aria-labelledby=\"heading318781\" data-bs-parent=\"#rs_accordion_inner_26902\">\n                        <div class=\"accordion-body\">\n                                                        <div class=\"content_wrapper\">\n                                <p>The platform facilitates the standardization of requirements and certifications among the various stakeholders in a project, thereby helping to improve compliance and safety on construction sites.<\/p>                            <\/div>\n                                                    <\/div>\n                    <\/div>\n                                    <\/div>\n                  \n                <div class=\"accordion-item\">\n                    <div class=\"accordion-header\" id=\"heading318782\">\n                        <div class=\"accordion-button collapsed\" data-bs-toggle=\"collapse\" data-bs-target=\"#collapse_318782\" aria-controls=\"collapse_318782\">\n                                                            <span class=\"elementor-accordion-icon elementor-accordion-icon-left\" aria-hidden=\"true\">\n                                                                            <span class=\"elementor-accordion-icon-closed\"><svg xmlns=\"http:\/\/www.w3.org\/2000\/svg\" width=\"18\" height=\"18\" viewbox=\"0 0 18 18\" fill=\"none\"><path opacity=\"0.5\" d=\"M17.2501 8.25003H9.75003V0.74999C9.75003 0.335778 9.41425 0 9.00004 0C8.58582 0 8.25004 0.335778 8.25004 0.74999V8.24999H0.749991C0.335779 8.25003 0 8.58581 0 9.00002C0 9.41423 0.335779 9.75001 0.749991 9.75001H8.25001V17.25C8.25001 17.6642 8.58579 18 9 18C9.41421 18 9.74999 17.6642 9.74999 17.25V9.75001H17.25C17.6642 9.75001 18 9.41423 18 9.00002C18.0001 8.58581 17.6643 8.25003 17.2501 8.25003Z\" fill=\"#555555\"><\/path><\/svg><\/span>\n                                        <span class=\"elementor-accordion-icon-opened\"><svg xmlns=\"http:\/\/www.w3.org\/2000\/svg\" width=\"18\" height=\"17\" viewbox=\"0 0 18 17\" fill=\"none\"><path d=\"M16.778 15.3974L10.2962 8.95316L16.778 2.5089C17.136 2.153 17.136 1.57597 16.778 1.22007C16.42 0.864167 15.8396 0.864167 15.4817 1.22007L8.99984 7.6643L2.51799 1.22003C2.15998 0.864153 1.57959 0.864153 1.22161 1.22006C0.86363 1.57596 0.86363 2.15298 1.22161 2.50889L7.70344 8.95313L1.22162 15.3974C0.863644 15.7533 0.863645 16.3303 1.22162 16.6862C1.5796 17.0421 2.15999 17.0421 2.51797 16.6862L8.99978 10.242L15.4816 16.6862C15.8396 17.0421 16.42 17.0421 16.778 16.6862C17.136 16.3304 17.136 15.7533 16.778 15.3974Z\" fill=\"#0E0E0E\"><\/path><\/svg><\/span>\n                                                                    <\/span>\n                                                    \n\n                            \n                                                        <div class=\"tab-title\">Development and monitoring of training programs<\/div>\n                            \n                            \n                        <\/div>\n                    <\/div>\n\n                                        <div id=\"collapse_318782\" class=\"accordion-collapse collapse\" aria-labelledby=\"heading318782\" data-bs-parent=\"#rs_accordion_inner_26902\">\n                        <div class=\"accordion-body\">\n                                                        <div class=\"content_wrapper\">\n                                <p>Batirium enables you to set up, manage, and track employee training, promoting continuous skill development and improved operational performance.<\/p>                            <\/div>\n                                                    <\/div>\n                    <\/div>\n                                    <\/div>\n                  \n                <div class=\"accordion-item\">\n                    <div class=\"accordion-header\" id=\"heading318783\">\n                        <div class=\"accordion-button collapsed\" data-bs-toggle=\"collapse\" data-bs-target=\"#collapse_318783\" aria-controls=\"collapse_318783\">\n                                                            <span class=\"elementor-accordion-icon elementor-accordion-icon-left\" aria-hidden=\"true\">\n                                                                            <span class=\"elementor-accordion-icon-closed\"><svg xmlns=\"http:\/\/www.w3.org\/2000\/svg\" width=\"18\" height=\"18\" viewbox=\"0 0 18 18\" fill=\"none\"><path opacity=\"0.5\" d=\"M17.2501 8.25003H9.75003V0.74999C9.75003 0.335778 9.41425 0 9.00004 0C8.58582 0 8.25004 0.335778 8.25004 0.74999V8.24999H0.749991C0.335779 8.25003 0 8.58581 0 9.00002C0 9.41423 0.335779 9.75001 0.749991 9.75001H8.25001V17.25C8.25001 17.6642 8.58579 18 9 18C9.41421 18 9.74999 17.6642 9.74999 17.25V9.75001H17.25C17.6642 9.75001 18 9.41423 18 9.00002C18.0001 8.58581 17.6643 8.25003 17.2501 8.25003Z\" fill=\"#555555\"><\/path><\/svg><\/span>\n                                        <span class=\"elementor-accordion-icon-opened\"><svg xmlns=\"http:\/\/www.w3.org\/2000\/svg\" width=\"18\" height=\"17\" viewbox=\"0 0 18 17\" fill=\"none\"><path d=\"M16.778 15.3974L10.2962 8.95316L16.778 2.5089C17.136 2.153 17.136 1.57597 16.778 1.22007C16.42 0.864167 15.8396 0.864167 15.4817 1.22007L8.99984 7.6643L2.51799 1.22003C2.15998 0.864153 1.57959 0.864153 1.22161 1.22006C0.86363 1.57596 0.86363 2.15298 1.22161 2.50889L7.70344 8.95313L1.22162 15.3974C0.863644 15.7533 0.863645 16.3303 1.22162 16.6862C1.5796 17.0421 2.15999 17.0421 2.51797 16.6862L8.99978 10.242L15.4816 16.6862C15.8396 17.0421 16.42 17.0421 16.778 16.6862C17.136 16.3304 17.136 15.7533 16.778 15.3974Z\" fill=\"#0E0E0E\"><\/path><\/svg><\/span>\n                                                                    <\/span>\n                                                    \n\n                            \n                                                        <div class=\"tab-title\">Smart, Targeted Recruitment<\/div>\n                            \n                            \n                        <\/div>\n                    <\/div>\n\n                                        <div id=\"collapse_318783\" class=\"accordion-collapse collapse\" aria-labelledby=\"heading318783\" data-bs-parent=\"#rs_accordion_inner_26902\">\n                        <div class=\"accordion-body\">\n                                                        <div class=\"content_wrapper\">\n                                <p>By analyzing companies\u2019 needs, the platform quickly identifies the most suitable talent for projects, whether local or international.<\/p>                            <\/div>\n                                                    <\/div>\n                    <\/div>\n                                    <\/div>\n                            <\/div>\n            <script>\n                jQuery(document).ready(function($) {\n                    $('#rs_accordion_inner_26902 .accordion-collapse').on('show.bs.collapse', function () {\n                        $(this).closest('.accordion-item').addClass('active');\n                    });\n\n                    $('#rs_accordion_inner_26902 .accordion-collapse').on('hide.bs.collapse', function () {\n                        $(this).closest('.accordion-item').removeClass('active');\n                    });\n                });\n            <\/script>\n        \t\t\t\t<\/div>\n\t\t\t\t<\/div>\n\t\t\t\t<\/div>\n\t\t<div class=\"no-position  elementor-element elementor-element-32916532 e-con-full e-flex e-con e-child\" data-id=\"32916532\" data-element_type=\"container\" data-e-type=\"container\">\n\t\t\t\t<div class=\"elementor-element elementor-element-6ee0674b gsap-move-no elementor-widget elementor-widget-image\" data-id=\"6ee0674b\" data-element_type=\"widget\" data-e-type=\"widget\" data-widget_type=\"image.default\">\n\t\t\t\t\t\t\t\t\t\t\t\t\t\t\t<img decoding=\"async\" width=\"700\" height=\"600\" src=\"https:\/\/groupegsm.ca\/wp-content\/uploads\/2026\/03\/mckp-700x600.png\" class=\"attachment-abuild_blog-transparent size-abuild_blog-transparent wp-image-19536\" alt=\"\" \/>\t\t\t\t\t\t\t\t\t\t\t\t\t\t\t<\/div>\n\t\t\t\t<\/div>\n\t\t\t\t<\/div>\n\t\t\t\t\t<\/div>\n\t\t\t\t<\/div>\n\t\t<div class=\"no-position  rs-sticky-default elementor-element elementor-element-6e3f21d3 e-flex e-con-boxed e-con e-parent\" data-id=\"6e3f21d3\" data-element_type=\"container\" data-e-type=\"container\" data-settings=\"{&quot;background_background&quot;:&quot;classic&quot;}\">\n\t\t\t\t\t<div class=\"e-con-inner\">\n\t\t<div class=\"no-position  rs-sticky-default elementor-element elementor-element-799945b8 e-con-full e-flex e-con e-child\" data-id=\"799945b8\" data-element_type=\"container\" data-e-type=\"container\">\n\t\t<div class=\"no-position  rs-sticky-default elementor-element elementor-element-6cdbfa53 e-con-full e-flex e-con e-child\" data-id=\"6cdbfa53\" data-element_type=\"container\" data-e-type=\"container\">\n\t\t\t\t<div class=\"elementor-element elementor-element-2650053 elementor-widget__width-initial gsap-move-no elementor-widget elementor-widget-rs-heading\" data-id=\"2650053\" data-element_type=\"widget\" data-e-type=\"widget\" data-widget_type=\"rs-heading.default\">\n\t\t\t\t<div class=\"elementor-widget-container\">\n\t\t\t\t\t\n\t\t<div class=\"prelements-heading style1  left  animate-\">\n\t\t\t<div class=\"title-inner\">\n\t\t\t\t<h3 class=\"title rs-split-text-enable split-in-fade\">Through Batirium, GSM combines technology, on-the-ground expertise, and innovation to provide businesses with efficient, secure solutions tailored to the realities of the construction industry.<\/h3>\n\t\t\t<\/div>\n\t\t\t\t\t<\/div>\n\t\t\t\t<\/div>\n\t\t\t\t<\/div>\n\t\t\t\t<\/div>\n\t\t\t\t<\/div>\n\t\t\t\t\t<\/div>\n\t\t\t\t<\/div>\n\t\t\t\t<\/div>","protected":false},"excerpt":{"rendered":"<p>environnemental Groupe GSM &gt; ACTUALIT\u00c9S Chez GSM, l\u2019innovation est au c\u0153ur de notre approche. C\u2019est dans cette optique que nous avons d\u00e9velopp\u00e9 Batirium, une plateforme intuitive et compl\u00e8te qui transforme la mani\u00e8re dont les entreprises et les professionnels de la construction se connectent, collaborent et g\u00e8rent leurs projets au Qu\u00e9bec et au Canada. Batirium propose&#8230;<\/p>","protected":false},"author":1,"featured_media":0,"parent":0,"menu_order":0,"comment_status":"closed","ping_status":"closed","template":"elementor_header_footer","meta":{"footnotes":""},"class_list":["post-19490","page","type-page","status-publish","hentry"],"_links":{"self":[{"href":"https:\/\/groupegsm.ca\/en\/wp-json\/wp\/v2\/pages\/19490","targetHints":{"allow":["GET"]}}],"collection":[{"href":"https:\/\/groupegsm.ca\/en\/wp-json\/wp\/v2\/pages"}],"about":[{"href":"https:\/\/groupegsm.ca\/en\/wp-json\/wp\/v2\/types\/page"}],"author":[{"embeddable":true,"href":"https:\/\/groupegsm.ca\/en\/wp-json\/wp\/v2\/users\/1"}],"replies":[{"embeddable":true,"href":"https:\/\/groupegsm.ca\/en\/wp-json\/wp\/v2\/comments?post=19490"}],"version-history":[{"count":8,"href":"https:\/\/groupegsm.ca\/en\/wp-json\/wp\/v2\/pages\/19490\/revisions"}],"predecessor-version":[{"id":20396,"href":"https:\/\/groupegsm.ca\/en\/wp-json\/wp\/v2\/pages\/19490\/revisions\/20396"}],"wp:attachment":[{"href":"https:\/\/groupegsm.ca\/en\/wp-json\/wp\/v2\/media?parent=19490"}],"curies":[{"name":"wp","href":"https:\/\/api.w.org\/{rel}","templated":true}]}}